{"id":84,"date":"2021-09-17T08:20:33","date_gmt":"2021-09-17T06:20:33","guid":{"rendered":"https:\/\/esis.org.ee\/?page_id=84"},"modified":"2021-09-17T10:04:12","modified_gmt":"2021-09-17T08:04:12","slug":"liitumine","status":"publish","type":"page","link":"https:\/\/esis.org.ee\/?page_id=84","title":{"rendered":"Seltsiga liitumine"},"content":{"rendered":"\n<div class=\"wp-block-group alignfull has-background\" style=\"background-color:#f8f4e4\"><div class=\"wp-block-group__inner-container is-layout-flow wp-block-group-is-layout-flow\">\n<div class=\"wp-block-columns alignwide is-layout-flex wp-container-core-columns-is-layout-9d6595d7 wp-block-columns-is-layout-flex\">\n<div class=\"wp-block-column is-layout-flow wp-block-column-is-layout-flow\" style=\"flex-basis:33.38%\">\n<p>Lugupeetud kolleeg, kui leiad, et Sinu huvid on kuidagi seotud mistahes s\u00fcsteemide loomise, anal\u00fc\u00fcsimise, ekspluateerimise, t\u00e4iendamisega, siis kutsume Sind liituma EESTI S\u00dcSTEEMIINSENERIDE SELTSiga. (l\u00fchend <strong>ESIS<\/strong>)<\/p>\n<\/div>\n\n\n\n<div class=\"wp-block-column is-layout-flow wp-block-column-is-layout-flow\" style=\"flex-basis:33%\">\n<div style=\"height:23px\" aria-hidden=\"true\" class=\"wp-block-spacer\"><\/div>\n\n\n\n<figure class=\"wp-block-image size-full\"><img loading=\"lazy\" decoding=\"async\" width=\"612\" height=\"414\" src=\"https:\/\/esis.org.ee\/wp-content\/uploads\/2021\/09\/J_KILP.jpg\" alt=\"\" class=\"wp-image-41\" srcset=\"https:\/\/esis.org.ee\/wp-content\/uploads\/2021\/09\/J_KILP.jpg 612w, https:\/\/esis.org.ee\/wp-content\/uploads\/2021\/09\/J_KILP-300x203.jpg 300w\" sizes=\"auto, (max-width: 612px) 100vw, 612px\" \/><\/figure>\n<\/div>\n\n\n\n<div class=\"wp-block-column is-layout-flow wp-block-column-is-layout-flow\" style=\"flex-basis:33.62%\">\n<p>Tule, tutvu ja v\u00f5ta kaasa oma arvamus s\u00fcsteemiinsenerist, tema osast \u00fchiskonnas ja ka arvamus Seltsi rollist. Teretulnud on k\u00f5ik asjast huvitatud insenerid ja inseneriks \u00f5ppijad ning erialal tegutsevad firmad.<\/p>\n<\/div>\n<\/div>\n\n\n\n<p class=\"has-text-align-right\">Meeldivate ja asjalike kohtumisteni. ESIS juhatus<\/p>\n\n\n\n<h4 class=\"wp-block-heading\">Kui oled otsustanud liituda Eesti S\u00fcsteemiinsenride Seltsiga:<\/h4>\n\n\n\n<div class=\"wp-block-columns alignwide is-layout-flex wp-container-core-columns-is-layout-9d6595d7 wp-block-columns-is-layout-flex\">\n<div class=\"wp-block-column is-layout-flow wp-block-column-is-layout-flow\" style=\"flex-basis:75%\">\n<ul class=\"wp-block-list\"><li>Lae siit seltsiga liitumise ankeet-avaldus.<\/li><li>Juriidilisele liikme puhul on vajalik juriidilise liikme avalduse t\u00e4itmine.<\/li><li>T\u00e4idetud ankeet-avaldus toimeta koos v\u00e4hemalt \u00fche seltsi liikme soovitusega juhatusele (soovituse saamiseks v\u00f5ib p\u00f6\u00f6rduda ka juhatuse liikmete poole).<\/li><li>Juhatus otsustab liikmeks vastuv\u00f5tu k\u00fcsimuse oma koosolekul.<\/li><li>ESIS liige peab tasuma aastamaksu, mille suurus on f\u00fc\u00fcsilisel isikul 20\u20ac (alates 2011. a-st) ja juriidilisel isikul 200\u20ac. Noorliige (tehnilist k\u00f5rgharidust omandav \u00fcli\u00f5pilane) tasub aastas 2\u20ac.<\/li><\/ul>\n<\/div>\n\n\n\n<div class=\"wp-block-column is-vertically-aligned-center is-layout-flow wp-block-column-is-layout-flow\" style=\"flex-basis:33%\">\n<div class=\"wp-block-buttons is-layout-flex wp-block-buttons-is-layout-flex\">\n<div class=\"wp-block-button\"><a class=\"wp-block-button__link\" href=\"https:\/\/esis.org.ee\/wp-content\/uploads\/2021\/09\/AnkeetAvaldus.docx\" style=\"border-radius:4px\">Ankeet-avaldus<\/a><\/div>\n\n\n\n<div class=\"wp-block-button\"><a class=\"wp-block-button__link\" href=\"https:\/\/esis.org.ee\/wp-content\/uploads\/2021\/09\/juriidiliste_liikmete_avaldus.doc\">Juriidilise liikme avaldus<\/a><\/div>\n<\/div>\n<\/div>\n<\/div>\n<\/div><\/div>\n","protected":false},"excerpt":{"rendered":"<p>Lugupeetud kolleeg, kui leiad, et Sinu huvid on kuidagi seotud mistahes s\u00fcsteemide loomise, anal\u00fc\u00fcsimise, ekspluateerimise, t\u00e4iendamisega, siis kutsume Sind liituma EESTI S\u00dcSTEEMIINSENERIDE SELTSiga. (l\u00fchend ESIS) Tule, tutvu ja v\u00f5ta kaasa oma arvamus s\u00fcsteemiinsenerist, tema osast \u00fchiskonnas ja ka arvamus Seltsi rollist. Teretulnud on k\u00f5ik asjast huvitatud insenerid ja inseneriks \u00f5ppijad ning erialal tegutsevad firmad. Meeldivate&hellip; <a class=\"more-link\" href=\"https:\/\/esis.org.ee\/?page_id=84\">Continue reading <span class=\"screen-reader-text\">Seltsiga liitumine<\/span><\/a><\/p>\n","protected":false},"author":1,"featured_media":0,"parent":64,"menu_order":2,"comment_status":"closed","ping_status":"closed","template":"","meta":{"footnotes":""},"class_list":["post-84","page","type-page","status-publish","hentry","entry"],"_links":{"self":[{"href":"https:\/\/esis.org.ee\/index.php?rest_route=\/wp\/v2\/pages\/84","targetHints":{"allow":["GET"]}}],"collection":[{"href":"https:\/\/esis.org.ee\/index.php?rest_route=\/wp\/v2\/pages"}],"about":[{"href":"https:\/\/esis.org.ee\/index.php?rest_route=\/wp\/v2\/types\/page"}],"author":[{"embeddable":true,"href":"https:\/\/esis.org.ee\/index.php?rest_route=\/wp\/v2\/users\/1"}],"replies":[{"embeddable":true,"href":"https:\/\/esis.org.ee\/index.php?rest_route=%2Fwp%2Fv2%2Fcomments&post=84"}],"version-history":[{"count":8,"href":"https:\/\/esis.org.ee\/index.php?rest_route=\/wp\/v2\/pages\/84\/revisions"}],"predecessor-version":[{"id":106,"href":"https:\/\/esis.org.ee\/index.php?rest_route=\/wp\/v2\/pages\/84\/revisions\/106"}],"up":[{"embeddable":true,"href":"https:\/\/esis.org.ee\/index.php?rest_route=\/wp\/v2\/pages\/64"}],"wp:attachment":[{"href":"https:\/\/esis.org.ee\/index.php?rest_route=%2Fwp%2Fv2%2Fmedia&parent=84"}],"curies":[{"name":"wp","href":"https:\/\/api.w.org\/{rel}","templated":true}]}}