{"id":64,"date":"2021-09-16T20:24:11","date_gmt":"2021-09-16T18:24:11","guid":{"rendered":"https:\/\/esis.org.ee\/?page_id=64"},"modified":"2021-09-17T20:08:23","modified_gmt":"2021-09-17T18:08:23","slug":"64-2","status":"publish","type":"page","link":"https:\/\/esis.org.ee\/?page_id=64","title":{"rendered":"Seltsist"},"content":{"rendered":"\n<p><strong>ESIS<\/strong>&nbsp;on mittetulunduslik vabatahtlik kutse\u00fching. Seltsi liikmeteks on automaatika, arvutitehnika ja \u00fcldisemalt s\u00fcsteemitehnika valdkonnas tegutsevad insenerid, teadus-haridust\u00f6\u00f6tajad ja tudengid ning juriidilised isikud.<\/p>\n\n\n\n<div class=\"wp-block-columns is-layout-flex wp-container-core-columns-is-layout-9d6595d7 wp-block-columns-is-layout-flex\">\n<div class=\"wp-block-column is-layout-flow wp-block-column-is-layout-flow\" style=\"flex-basis:33.33%\">\n<h3 class=\"alignfull wp-block-heading\">Eesm\u00e4rgid<\/h3>\n\n\n\n<h4 class=\"wp-block-heading\"><a href=\"https:\/\/esis.org.ee\/wp-content\/uploads\/2021\/09\/pohikiri_90000668.pdf\">P\u00f5hikiri<\/a><\/h4>\n\n\n\n<div style=\"height:52px\" aria-hidden=\"true\" class=\"wp-block-spacer\"><\/div>\n\n\n\n<blockquote class=\"wp-block-quote is-layout-flow wp-block-quote-is-layout-flow\"><p>Mis tegelane see s\u00fcsteemiinsener on?<\/p><cite>Vt. nt <em><a href=\"https:\/\/www.incose.org\/systems-engineering\" target=\"_blank\" rel=\"noreferrer noopener\">Systems Engineering<\/a><\/em> INCOSE.org kodulehel<\/cite><\/blockquote>\n<\/div>\n\n\n\n<div class=\"wp-block-column is-layout-flow wp-block-column-is-layout-flow\" style=\"flex-basis:66.66%\">\n<p class=\"has-small-font-size\">Seltsi p\u00f5hieesm\u00e4rkideks on:<\/p>\n\n\n\n<p>Edendada s\u00fcsteemide inseneeria ja automaatika valdkonda ning aidata kaasa informatsiooni ja ideede levitamisele.<\/p>\n\n\n\n<p>Seltsi liikmete inseneri kutseoskuste t\u00e4iustamisele kaasaaitamine ja nende kutsealaste huvide esindamine ning kaitsmine.<\/p>\n\n\n\n<p>Automaatikainseneri kutse laialdase v\u00e4\u00e4rtustamise ja k\u00f5rge erialase eetika tagamine.<\/p>\n\n\n\n<p>Eesti automaatikainseneride kutsete omistamine<\/p>\n<\/div>\n<\/div>\n","protected":false},"excerpt":{"rendered":"<p>ESIS&nbsp;on mittetulunduslik vabatahtlik kutse\u00fching. Seltsi liikmeteks on automaatika, arvutitehnika ja \u00fcldisemalt s\u00fcsteemitehnika valdkonnas tegutsevad insenerid, teadus-haridust\u00f6\u00f6tajad ja tudengid ning juriidilised isikud. Eesm\u00e4rgid P\u00f5hikiri Mis tegelane see s\u00fcsteemiinsener on? Vt. nt Systems Engineering INCOSE.org kodulehel Seltsi p\u00f5hieesm\u00e4rkideks on: Edendada s\u00fcsteemide inseneeria ja automaatika valdkonda ning aidata kaasa informatsiooni ja ideede levitamisele. Seltsi liikmete inseneri kutseoskuste t\u00e4iustamisele&hellip; <a class=\"more-link\" href=\"https:\/\/esis.org.ee\/?page_id=64\">Continue reading <span class=\"screen-reader-text\">Seltsist<\/span><\/a><\/p>\n","protected":false},"author":1,"featured_media":0,"parent":0,"menu_order":0,"comment_status":"closed","ping_status":"closed","template":"","meta":{"footnotes":""},"class_list":["post-64","page","type-page","status-publish","hentry","entry"],"_links":{"self":[{"href":"https:\/\/esis.org.ee\/index.php?rest_route=\/wp\/v2\/pages\/64","targetHints":{"allow":["GET"]}}],"collection":[{"href":"https:\/\/esis.org.ee\/index.php?rest_route=\/wp\/v2\/pages"}],"about":[{"href":"https:\/\/esis.org.ee\/index.php?rest_route=\/wp\/v2\/types\/page"}],"author":[{"embeddable":true,"href":"https:\/\/esis.org.ee\/index.php?rest_route=\/wp\/v2\/users\/1"}],"replies":[{"embeddable":true,"href":"https:\/\/esis.org.ee\/index.php?rest_route=%2Fwp%2Fv2%2Fcomments&post=64"}],"version-history":[{"count":10,"href":"https:\/\/esis.org.ee\/index.php?rest_route=\/wp\/v2\/pages\/64\/revisions"}],"predecessor-version":[{"id":141,"href":"https:\/\/esis.org.ee\/index.php?rest_route=\/wp\/v2\/pages\/64\/revisions\/141"}],"wp:attachment":[{"href":"https:\/\/esis.org.ee\/index.php?rest_route=%2Fwp%2Fv2%2Fmedia&parent=64"}],"curies":[{"name":"wp","href":"https:\/\/api.w.org\/{rel}","templated":true}]}}