{"id":302,"date":"2026-03-07T11:55:37","date_gmt":"2026-03-07T09:55:37","guid":{"rendered":"https:\/\/esis.org.ee\/?page_id=302"},"modified":"2026-03-07T11:55:37","modified_gmt":"2026-03-07T09:55:37","slug":"64-automaatikapaev","status":"publish","type":"page","link":"https:\/\/esis.org.ee\/?page_id=302","title":{"rendered":"64. Automaatikap\u00e4ev"},"content":{"rendered":"\n<p>Automaatikap\u00e4ev 12. m\u00e4rtsil 2026 kell 14-16:30 Tallinna Tehnika\u00fclikooli Energeetikamaja auditooriumis NRG-131.<\/p>\n\n\n\n<p>Kavas:<\/p>\n\n\n\n<ul class=\"wp-block-list\">\n<li>14:00 Avamine<\/li>\n\n\n\n<li>14:05 Alexander Rink, Inseneriteaduskond<br>&#8220;Alalisvooluorganisatsioon&#8221; (pealkiri t\u00e4psustub)<\/li>\n\n\n\n<li>14:25 Martin V\u00f5ip, Inseneriteaduskond, team MechaTech<br>\u201cBFMC v\u00f5istluse auto ja algoritmide tutvustus\u201c (pealkiri t\u00e4psustub)<\/li>\n\n\n\n<li>14:45 Tarmo Kor\u00f5tko, Elektroenergeetika ja mehhatroonika instituut<br>\u201c&#8230;\u201d (pealkiri t\u00e4psustub)<\/li>\n\n\n\n<li>15:10 Alar Konist, Energiatehnoloogia instituut, Senat<br>\u201cEnergeetika maailmas ja Eestis ning kas p\u00f5levkivil v\u00f5iks olla kohta ka tulevikus\u201d<\/li>\n\n\n\n<li>16:05 Hans Erik Kulla, Inseneriteaduskond<br>&#8220;Gaasiga katsete tegemine kasutades SIMATIC IOT2050 ja node-red s\u00fcsteemi&#8221;<\/li>\n<\/ul>\n\n\n\n<p><\/p>\n","protected":false},"excerpt":{"rendered":"<p>Automaatikap\u00e4ev 12. m\u00e4rtsil 2026 kell 14-16:30 Tallinna Tehnika\u00fclikooli Energeetikamaja auditooriumis NRG-131. Kavas:<\/p>\n","protected":false},"author":1,"featured_media":0,"parent":0,"menu_order":0,"comment_status":"closed","ping_status":"closed","template":"","meta":{"footnotes":""},"class_list":["post-302","page","type-page","status-publish","hentry","entry"],"_links":{"self":[{"href":"https:\/\/esis.org.ee\/index.php?rest_route=\/wp\/v2\/pages\/302","targetHints":{"allow":["GET"]}}],"collection":[{"href":"https:\/\/esis.org.ee\/index.php?rest_route=\/wp\/v2\/pages"}],"about":[{"href":"https:\/\/esis.org.ee\/index.php?rest_route=\/wp\/v2\/types\/page"}],"author":[{"embeddable":true,"href":"https:\/\/esis.org.ee\/index.php?rest_route=\/wp\/v2\/users\/1"}],"replies":[{"embeddable":true,"href":"https:\/\/esis.org.ee\/index.php?rest_route=%2Fwp%2Fv2%2Fcomments&post=302"}],"version-history":[{"count":1,"href":"https:\/\/esis.org.ee\/index.php?rest_route=\/wp\/v2\/pages\/302\/revisions"}],"predecessor-version":[{"id":303,"href":"https:\/\/esis.org.ee\/index.php?rest_route=\/wp\/v2\/pages\/302\/revisions\/303"}],"wp:attachment":[{"href":"https:\/\/esis.org.ee\/index.php?rest_route=%2Fwp%2Fv2%2Fmedia&parent=302"}],"curies":[{"name":"wp","href":"https:\/\/api.w.org\/{rel}","templated":true}]}}