{"id":2,"date":"2021-09-10T13:13:36","date_gmt":"2021-09-10T13:13:36","guid":{"rendered":"https:\/\/esis.org.ee\/?page_id=2"},"modified":"2024-11-29T13:09:20","modified_gmt":"2024-11-29T11:09:20","slug":"sample-page","status":"publish","type":"page","link":"https:\/\/esis.org.ee\/?page_id=2","title":{"rendered":"Seltskond"},"content":{"rendered":"\n<div id=\"juhatus\" class=\"wp-block-group\"><div class=\"wp-block-group__inner-container is-layout-flow wp-block-group-is-layout-flow\">\n<h4 class=\"wp-block-heading\">Seltsi juhatuse liikmed<\/h4>\n\n\n\n<pre class=\"wp-block-preformatted has-white-background-color has-background\"><em>nimi<\/em>\t\t<em>t\u00f6\u00f6koht<\/em><br>Sergei Bessonov\t\u00c5F-Automaatika O\u00dc \tsergei.bessonov [\u00e4t] afconsult.com<br>Eerik Laid\t<a href=\"http:\/\/www.ecomatic.ee\/\">AS Ecomatic<\/a><br>Allan M\u00e4nnik\tRKAS<br>Erki Rannak\tEXTech Design O\u00dc<br>Andres R\u00e4hni\t<a href=\"http:\/\/www.ttu.ee\/\">TT\u00dc<\/a>\t\t\tandres.rahni [\u00e4t] ttu.ee<br>Kai Valdma\tIndustry62 O\u00dc\t\tkai.valdma [\u00e4t] industry62.com<br>Vitali Vansovit\u0161 Valmet Automation\tvitali.vansovits [\u00e4t] valmet.com <br><br><strong>Juhatuse kontaktaadress<\/strong>:<br>ESIS<br>TT\u00dc Arvutis\u00fcsteemide instituut<br>Akadeemia tee 15a Tallinn 12618<\/pre>\n<\/div><\/div>\n\n\n\n<p>Liikete nimekiri<\/p>\n\n\n\n<div class=\"wp-block-group\"><div class=\"wp-block-group__inner-container is-layout-flow wp-block-group-is-layout-flow\">\n<h4 class=\"wp-block-heading\">Juriidilisest isikust liikmed (ja firma esindaja)<\/h4>\n\n\n\n<p><\/p>\n\n\n\n<ul class=\"wp-block-list\">\n<li><strong>Valmet<\/strong> Automation<\/li>\n\n\n\n<li><a href=\"http:\/\/www.siemens.ee\/\"><strong>Siemens<\/strong> Osakeyhti\u00f6 Estonian Branch Office<\/a> (Arto Iivanainen)<\/li>\n\n\n\n<li><a href=\"http:\/\/www.systemtest.ee\/\"><strong>SystemTest<\/strong> O\u00dc<\/a><\/li>\n<\/ul>\n<\/div><\/div>\n\n\n\n<p><\/p>\n","protected":false},"excerpt":{"rendered":"<p>Seltsi juhatuse liikmed nimi t\u00f6\u00f6kohtSergei Bessonov \u00c5F-Automaatika O\u00dc sergei.bessonov [\u00e4t] afconsult.comEerik Laid AS EcomaticAllan M\u00e4nnik RKASErki Rannak EXTech Design O\u00dcAndres R\u00e4hni TT\u00dc andres.rahni [\u00e4t] ttu.eeKai Valdma Industry62 O\u00dc kai.valdma [\u00e4t] industry62.comVitali Vansovit\u0161 Valmet Automation vitali.vansovits [\u00e4t] valmet.com Juhatuse kontaktaadress:ESISTT\u00dc Arvutis\u00fcsteemide instituutAkadeemia tee 15a Tallinn 12618 Liikete nimekiri Juriidilisest isikust liikmed (ja firma esindaja)<\/p>\n","protected":false},"author":1,"featured_media":0,"parent":64,"menu_order":1,"comment_status":"closed","ping_status":"open","template":"","meta":{"footnotes":""},"class_list":["post-2","page","type-page","status-publish","hentry","entry"],"_links":{"self":[{"href":"https:\/\/esis.org.ee\/index.php?rest_route=\/wp\/v2\/pages\/2","targetHints":{"allow":["GET"]}}],"collection":[{"href":"https:\/\/esis.org.ee\/index.php?rest_route=\/wp\/v2\/pages"}],"about":[{"href":"https:\/\/esis.org.ee\/index.php?rest_route=\/wp\/v2\/types\/page"}],"author":[{"embeddable":true,"href":"https:\/\/esis.org.ee\/index.php?rest_route=\/wp\/v2\/users\/1"}],"replies":[{"embeddable":true,"href":"https:\/\/esis.org.ee\/index.php?rest_route=%2Fwp%2Fv2%2Fcomments&post=2"}],"version-history":[{"count":18,"href":"https:\/\/esis.org.ee\/index.php?rest_route=\/wp\/v2\/pages\/2\/revisions"}],"predecessor-version":[{"id":275,"href":"https:\/\/esis.org.ee\/index.php?rest_route=\/wp\/v2\/pages\/2\/revisions\/275"}],"up":[{"embeddable":true,"href":"https:\/\/esis.org.ee\/index.php?rest_route=\/wp\/v2\/pages\/64"}],"wp:attachment":[{"href":"https:\/\/esis.org.ee\/index.php?rest_route=%2Fwp%2Fv2%2Fmedia&parent=2"}],"curies":[{"name":"wp","href":"https:\/\/api.w.org\/{rel}","templated":true}]}}