{"id":17,"date":"2021-09-16T08:24:21","date_gmt":"2021-09-16T08:24:21","guid":{"rendered":"https:\/\/esis.org.ee\/?page_id=17"},"modified":"2023-06-30T15:42:59","modified_gmt":"2023-06-30T13:42:59","slug":"kontakt","status":"publish","type":"page","link":"https:\/\/esis.org.ee\/?page_id=17","title":{"rendered":"Kontakt"},"content":{"rendered":"\n<p>Aadress:<br>ESIS, Arvutis\u00fcsteemide instituut,<br>Akadeemia tee 15a, 12618 Tallinn<\/p>\n\n\n\n<p>Telefon: 6202105 (Andres R\u00e4hni)<br>email: Andres R\u00e4hni andres.rahni@ttu.ee<\/p>\n\n\n\n<p>Arveldusarve:<br>Swedbank, konto nr EE352200221001162548<br>Eesti S\u00fcsteemiinseneride Selts<\/p>\n\n\n\n<p>\u00dclekannete juures m\u00e4rkida makse saajaks mitte ESIS vaid kindlasti Eesti S\u00fcsteemiinseneride Selts!<\/p>\n\n\n\n<p>Registreeritud:<br>\u00c4riregistri mittetulund. \u00fchingute ja sihtasutuste registris 17.04.1998 kood 90000668<br>(vanas reg.-s endise nimega: Eesti Automaatikute Selts).<\/p>\n","protected":false},"excerpt":{"rendered":"<p>Aadress:ESIS, Arvutis\u00fcsteemide instituut,Akadeemia tee 15a, 12618 Tallinn Telefon: 6202105 (Andres R\u00e4hni)email: Andres R\u00e4hni andres.rahni@ttu.ee Arveldusarve:Swedbank, konto nr EE352200221001162548Eesti S\u00fcsteemiinseneride Selts \u00dclekannete juures m\u00e4rkida makse saajaks mitte ESIS vaid kindlasti Eesti S\u00fcsteemiinseneride Selts! Registreeritud:\u00c4riregistri mittetulund. \u00fchingute ja sihtasutuste registris 17.04.1998 kood 90000668(vanas reg.-s endise nimega: Eesti Automaatikute Selts).<\/p>\n","protected":false},"author":1,"featured_media":0,"parent":0,"menu_order":0,"comment_status":"closed","ping_status":"closed","template":"","meta":{"footnotes":""},"class_list":["post-17","page","type-page","status-publish","hentry","entry"],"_links":{"self":[{"href":"https:\/\/esis.org.ee\/index.php?rest_route=\/wp\/v2\/pages\/17","targetHints":{"allow":["GET"]}}],"collection":[{"href":"https:\/\/esis.org.ee\/index.php?rest_route=\/wp\/v2\/pages"}],"about":[{"href":"https:\/\/esis.org.ee\/index.php?rest_route=\/wp\/v2\/types\/page"}],"author":[{"embeddable":true,"href":"https:\/\/esis.org.ee\/index.php?rest_route=\/wp\/v2\/users\/1"}],"replies":[{"embeddable":true,"href":"https:\/\/esis.org.ee\/index.php?rest_route=%2Fwp%2Fv2%2Fcomments&post=17"}],"version-history":[{"count":4,"href":"https:\/\/esis.org.ee\/index.php?rest_route=\/wp\/v2\/pages\/17\/revisions"}],"predecessor-version":[{"id":249,"href":"https:\/\/esis.org.ee\/index.php?rest_route=\/wp\/v2\/pages\/17\/revisions\/249"}],"wp:attachment":[{"href":"https:\/\/esis.org.ee\/index.php?rest_route=%2Fwp%2Fv2%2Fmedia&parent=17"}],"curies":[{"name":"wp","href":"https:\/\/api.w.org\/{rel}","templated":true}]}}