{"id":130,"date":"2021-09-17T19:46:36","date_gmt":"2021-09-17T17:46:36","guid":{"rendered":"https:\/\/esis.org.ee\/?page_id=130"},"modified":"2026-02-28T15:00:11","modified_gmt":"2026-02-28T13:00:11","slug":"insenerikutsed","status":"publish","type":"page","link":"https:\/\/esis.org.ee\/?page_id=130","title":{"rendered":"Insenerikutsed"},"content":{"rendered":"\n<div class=\"wp-block-columns alignfull has-black-color has-white-background-color has-text-color has-background is-layout-flex wp-container-core-columns-is-layout-9d6595d7 wp-block-columns-is-layout-flex\">\n<div class=\"wp-block-column is-layout-flow wp-block-column-is-layout-flow\">\n<h3 class=\"wp-block-heading\" id=\"kutse-andmine\" style=\"font-size:24px;line-height:1.3\"><strong>Kutse andmine <\/strong><\/h3>\n\n\n\n<p><strong>T\u00f6\u00f6stusautomaatikainseneri<\/strong> (automaatikas\u00fcsteemide projekteerimine, ehitamine, kasutus ja hooldus ning arendus-ja koolitustegevus) <strong>kutseandjaks on ESIS<\/strong>. Vt. <a href=\"#kutsetaotlemine\">edasi<\/a><\/p>\n<\/div>\n\n\n\n<div class=\"wp-block-column is-layout-flow wp-block-column-is-layout-flow\">\n<p>Ehitusautomaatika vallas on <sub>(ehitusautomaatika spetsialiseerumisega) <\/sub>automaatikainseneri kutseandjaks <a href=\"https:\/\/www.ehitusinsener.ee\/kutsete-uldinfo\/\" target=\"_blank\" rel=\"noreferrer noopener\">Eesti Ehitusinseneride Liit<\/a> <strong>\u2197<\/strong>  (EEL). ESIS teeb ehitusautomaatika insenerikutsete v\u00e4ljastamisel koost\u00f6\u00f6d EEL-ga. Nende juhtimisel on moodustatud kutsekomisjon, mille t\u00f6\u00f6s osaleb ESIS-e esindaja.<\/p>\n<\/div>\n\n\n\n<div class=\"wp-block-column is-layout-flow wp-block-column-is-layout-flow\">\n<h3 class=\"wp-block-heading\" id=\"kutsesusteem\" style=\"font-size:24px;line-height:1.3\"><strong><a href=\"https:\/\/www.kutsekoda.ee\/\">Kutses\u00fcsteem \u2197<\/a><\/strong><\/h3>\n\n\n\n<p>Kutsete ja kutses\u00fcsteemi detailsem info on <a href=\"https:\/\/www.kutsekoda.ee\/\" target=\"_blank\" rel=\"noreferrer noopener\">Kutsekoja<\/a> kodulehel. Samuti kutsestandardid.<\/p>\n<\/div>\n<\/div>\n\n\n\n<div class=\"wp-block-columns alignfull has-white-background-color has-text-color has-background is-layout-flex wp-container-core-columns-is-layout-9d6595d7 wp-block-columns-is-layout-flex\" style=\"color:#000000\">\n<div class=\"wp-block-column is-layout-flow wp-block-column-is-layout-flow\">\n<blockquote class=\"wp-block-quote is-style-default is-layout-flow wp-block-quote-is-layout-flow\">\n<p><em>Meie eesm\u00e4rgiks on, et automaatikas\u00fcsteemide loomise puhul saaks ettev\u00f5tte p\u00e4dev isik projekteerimise, s\u00fcsteemi\/projekti auditeerimise ja ekspertiisi, ehitamise ja k\u00e4idu tegevusaladel oma p\u00e4devust t\u00f5endada vastava kutsetunnistusega<\/em>.<\/p>\n<cite>&#8211; ESIS Kutsekomisjon<\/cite><\/blockquote>\n<\/div>\n\n\n\n<div class=\"wp-block-column is-layout-flow wp-block-column-is-layout-flow\">\n<p>Insenerikutseid on kahel tasemel: 7. ja 8., mida nimetatakse vastavalt <strong>diplomeeritud<\/strong> insener ja <strong>volitatud<\/strong> insener. T\u00e4iendavalt m\u00e4rgitakse kutsetunnistusel nn. valitavad kompetentsid, mis konkretiseerib valdkonna siseselt, millised oskused kutse saajal on.<\/p>\n<\/div>\n<\/div>\n\n\n\n<div class=\"wp-block-columns alignfull has-green-background-color has-text-color has-background is-layout-flex wp-container-core-columns-is-layout-9d6595d7 wp-block-columns-is-layout-flex\" id=\"kutsetaotlemine\" style=\"color:#000000\">\n<div class=\"wp-block-column is-layout-flow wp-block-column-is-layout-flow\">\n<h3 class=\"wp-block-heading has-large-font-size\" id=\"kutse-taotlemise-eeltingimused\"><strong>Kutse taotlemise eeltingimused<\/strong><\/h3>\n\n\n\n<p>on seatud kutsestandardites ja kutse andja kutse andmise korras (vt. KA kord punkt 2.1). T\u00f6\u00f6stusautomaatikainseneri kutse taotlemine k\u00e4ib vastavalt dokumendile \u201e<a href=\"https:\/\/www.kutseregister.ee\/ctrl\/et\/KAO\/vaata\/10917551?show_avalik=1#kao_fail\" target=\"_blank\" rel=\"noreferrer noopener\">T\u00f6\u00f6stusautomaatikainseneri kutsete kutse andmise kord<\/a>\u201c(ehk l\u00fchidalt KA kord) vt: <a rel=\"noreferrer noopener\" href=\"https:\/\/www.kutseregister.ee\/ctrl\/et\/KAO\/vaata\/10917551?show_avalik=1#kao_fail\" target=\"_blank\"><sup>https:\/\/www.kutseregister.ee\/ctrl\/et\/KAO\/vaata\/10917551<\/sup><\/a><\/p>\n<\/div>\n\n\n\n<div class=\"wp-block-column is-layout-flow wp-block-column-is-layout-flow\">\n<p><strong>Enne kutse taotlemist on vaja<\/strong>:<\/p>\n\n\n\n<p>Tutvuda valdkonna inseneri kutsestandardiga ning kutse andmise korraga ja selgitada v\u00e4lja, milliste kompetentsidega on kutsetaotlemise eeldused t\u00e4idetud (kohustuslikud kompetentsid ja v\u00e4hemalt \u00fcks valitav kompetents peavad k\u00f5ik olema esitatud dokumentidega t\u00f5endatavad!) Vt. taotlemiseks vajalikud dokumendid KA kord punkt 2.2.<\/p>\n<\/div>\n<\/div>\n\n\n\n<div class=\"wp-block-columns alignfull has-green-background-color has-text-color has-background is-layout-flex wp-container-core-columns-is-layout-9d6595d7 wp-block-columns-is-layout-flex\" style=\"color:#000000\">\n<div class=\"wp-block-column is-layout-flow wp-block-column-is-layout-flow\">\n<p class=\"has-extra-small-font-size\">Insenerikutsete andmise \u00fchtlustamiseks l\u00e4htutakse ESIS-es v\u00f5imalikult palju sarnastest hindamis-ja kutsekomisjoni t\u00f6\u00f6korra protseduuridest nagu need on ka EEL-is.<\/p>\n<\/div>\n<\/div>\n\n\n\n<div class=\"wp-block-columns alignfull has-green-background-color has-text-color has-background is-layout-flex wp-container-core-columns-is-layout-9d6595d7 wp-block-columns-is-layout-flex\" style=\"color:#000000\">\n<div class=\"wp-block-column is-layout-flow wp-block-column-is-layout-flow\">\n<h3 class=\"wp-block-heading has-large-font-size\" id=\"toostusautomaatikainseneri-kutse-taotlemine\">T\u00f6\u00f6stusautomaatikainseneri <strong>KUTSE TAOTLEMINE<\/strong><\/h3>\n\n\n\n<p>Kutseid on v\u00f5imalik taotleda aastaringselt. ESIS-e <a href=\"https:\/\/www.kutseregister.ee\/ctrl\/et\/KAO\/vaata\/10917551?show_avalik=1#kao_kutsekomisjon\">Kutsekomisjoni<\/a> istungid toimuvad aprillis ja novembris. L\u00e4htuvalt sellest on l\u00e4hemad avalduste esitamise t\u00e4htajad j\u00e4rgmised:<\/p>\n\n\n\n<ul class=\"wp-block-list\">\n<li>30. m\u00e4rts 2026<\/li>\n\n\n\n<li>30. oktoober 2026<\/li>\n<\/ul>\n<\/div>\n\n\n\n<div class=\"wp-block-column is-layout-flow wp-block-column-is-layout-flow\">\n<p>Kutse taotlemise dokumente ootame aadressil <a href=\"mailto:kutsetaotlused@esis.org.ee\">kutsetaotlused@esis.org.ee<\/a><\/p>\n\n\n\n<div class=\"wp-block-buttons is-layout-flex wp-block-buttons-is-layout-flex\">\n<div class=\"wp-block-button\"><a class=\"wp-block-button__link wp-element-button\" href=\"https:\/\/esis.org.ee\/wp-content\/uploads\/2021\/09\/Kutse-taotleja-sooviavaldus.docx\" style=\"border-radius:10px\">Ankeet-sooviavaldus lae alla siit<\/a><\/div>\n<\/div>\n\n\n\n<p>Kutse andmise <a href=\"https:\/\/www.kutseregister.ee\/ctrl\/et\/KAO\/vaata\/10917551?show_avalik=1#komp_tasud\" target=\"_blank\" rel=\"noreferrer noopener\">tasu<\/a> tuleb kanda ESIS-ele P\u00c4RAST menetlusse v\u00f5tmise otsuse teavituse saamist (KAK 3.1 a).<\/p>\n<\/div>\n<\/div>\n\n\n\n<p><\/p>\n","protected":false},"excerpt":{"rendered":"<p>Kutse andmine T\u00f6\u00f6stusautomaatikainseneri (automaatikas\u00fcsteemide projekteerimine, ehitamine, kasutus ja hooldus ning arendus-ja koolitustegevus) kutseandjaks on ESIS. Vt. edasi Ehitusautomaatika vallas on (ehitusautomaatika spetsialiseerumisega) automaatikainseneri kutseandjaks Eesti Ehitusinseneride Liit \u2197 (EEL). ESIS teeb ehitusautomaatika insenerikutsete v\u00e4ljastamisel koost\u00f6\u00f6d EEL-ga. Nende juhtimisel on moodustatud kutsekomisjon, mille t\u00f6\u00f6s osaleb ESIS-e esindaja. Kutses\u00fcsteem \u2197 Kutsete ja kutses\u00fcsteemi detailsem info on Kutsekoja&hellip; <a class=\"more-link\" href=\"https:\/\/esis.org.ee\/?page_id=130\">Continue reading <span class=\"screen-reader-text\">Insenerikutsed<\/span><\/a><\/p>\n","protected":false},"author":1,"featured_media":0,"parent":15,"menu_order":1,"comment_status":"closed","ping_status":"closed","template":"","meta":{"footnotes":""},"class_list":["post-130","page","type-page","status-publish","hentry","entry"],"_links":{"self":[{"href":"https:\/\/esis.org.ee\/index.php?rest_route=\/wp\/v2\/pages\/130","targetHints":{"allow":["GET"]}}],"collection":[{"href":"https:\/\/esis.org.ee\/index.php?rest_route=\/wp\/v2\/pages"}],"about":[{"href":"https:\/\/esis.org.ee\/index.php?rest_route=\/wp\/v2\/types\/page"}],"author":[{"embeddable":true,"href":"https:\/\/esis.org.ee\/index.php?rest_route=\/wp\/v2\/users\/1"}],"replies":[{"embeddable":true,"href":"https:\/\/esis.org.ee\/index.php?rest_route=%2Fwp%2Fv2%2Fcomments&post=130"}],"version-history":[{"count":22,"href":"https:\/\/esis.org.ee\/index.php?rest_route=\/wp\/v2\/pages\/130\/revisions"}],"predecessor-version":[{"id":300,"href":"https:\/\/esis.org.ee\/index.php?rest_route=\/wp\/v2\/pages\/130\/revisions\/300"}],"up":[{"embeddable":true,"href":"https:\/\/esis.org.ee\/index.php?rest_route=\/wp\/v2\/pages\/15"}],"wp:attachment":[{"href":"https:\/\/esis.org.ee\/index.php?rest_route=%2Fwp%2Fv2%2Fmedia&parent=130"}],"curies":[{"name":"wp","href":"https:\/\/api.w.org\/{rel}","templated":true}]}}